{"id":2834,"date":"2018-02-10T15:24:20","date_gmt":"2018-02-10T14:24:20","guid":{"rendered":"http:\/\/nsassocies.comlegal-notices\/"},"modified":"2025-07-30T22:16:41","modified_gmt":"2025-07-30T21:16:41","slug":"legal-notices","status":"publish","type":"page","link":"https:\/\/nsassocies.com\/en\/legal-notices\/","title":{"rendered":"Legal Notices"},"content":{"rendered":"<div class=\"wpb-content-wrapper\"><p>[vc_row full_width=&#8221;stretch_row_content&#8221; css=&#8221;.vc_custom_1522669443498{background-image: url(https:\/\/nsassocies.com\/wp-content\/uploads\/2018\/04\/nsa_header_equipe.jpg?id=1188) !important;background-position: center !important;background-repeat: no-repeat !important;background-size: cover !important;}&#8221; el_class=&#8221;chevin background-header&#8221;][vc_column][vc_empty_space height=&#8221;115px&#8221;][vc_column_text el_class=&#8221;.text-header&#8221;]<\/p>\n<h1>LEGAL NOTICES<\/h1>\n<p>[\/vc_column_text][vc_empty_space height=&#8221;115px&#8221;][\/vc_column][\/vc_row][vc_row full_width=&#8221;stretch_row&#8221; css=&#8221;.vc_custom_1715892327848{background-position: center !important;background-repeat: no-repeat !important;background-size: cover !important;}&#8221;][vc_column][vc_empty_space height=&#8221;77px&#8221;][vc_column_text el_class=&#8221;.text-header&#8221;]<strong>EDITEUR DU SITE<\/strong><\/p>\n<p>Na\u00efm Steinmetz &amp; Associ\u00e9s<br \/>\nSARL au capital de 50 000 \u20ac<br \/>\nSIRET : 484 262 597 000 20<br \/>\nCode APE APE 6920Z<br \/>\nSi\u00e8ge social : 92 rue Jouffroy d\u2019Abbans 75017 Paris \u2013 France<br \/>\nT\u00e9l\u00e9phone : +33 (0)1 48 88 88 50<br \/>\nFax : +33 (0)1 47 63 98 06<br \/>\nE-mail : contact[@]nsassocies.com<\/p>\n<p><strong>DIRECTEURS DE PUBLICATION<\/strong><br \/>\nDiane Behar &amp; Laurent Na\u00efm<\/p>\n<p><strong>RESPONSABLES DE LA R\u00c9DACTION<\/strong><br \/>\nDiane Behar &amp; Laurent Na\u00efm<\/p>\n<p><strong>H\u00e9bergeur du site<\/strong><br \/>\nOVH SAS au capital de 10 059 500 \u20ac RCS Lille M\u00e9tropole 424 761 419 00045 Code APE 6202A N\u00b0 TVA : FR 22 424 761 419 Si\u00e8ge social : 2 rue Kellermann \u2013 59100 Roubaix \u2013 France<\/p>\n<p><strong>CONCEPTION ET D\u00c9VELOPPEMENT<\/strong><br \/>\nAgence <strong><a href=\"https:\/\/com-and-see.fr\" target=\"_blank\" rel=\"noopener\">Com and See<\/a><\/strong><\/p>\n<p><strong>CR\u00c9DITS PHOTOS<\/strong><br \/>\nJuliette Jem<\/p>\n<p>Unsplash.com<\/p>\n<p>NSA est une marque d\u00e9pos\u00e9e par NSA aupr\u00e8s de l\u2019INPI.<br \/>\nLe site www.nsassocies.com du NSA constitue une \u0153uvre prot\u00e9g\u00e9e en France par le Code de la Propri\u00e9t\u00e9 Intellectuelle, et \u00e0 l\u2019\u00e9tranger par les conventions internationales sur le droit d\u2019auteur. La violation de l\u2019un des droits d\u2019auteur est un d\u00e9lit de contrefa\u00e7on passible, aux termes de l\u2019article L.335-2 du Code de la Propri\u00e9t\u00e9 Intellectuelle, de 2 ans d\u2019emprisonnement et de 150 000 \u20ac d\u2019amende.<\/p>\n<p>Protection des donn\u00e9es personnelles et politique de confidentialit\u00e9<br \/>\nConform\u00e9ment \u00e0 l\u2019article 34 de la loi \u00ab informatique et libert\u00e9s \u00bb du 6 Janvier 1978, les visiteurs ou clients du site www.nsassocies.com disposent \u00e0 tout moment d\u2019un droit d\u2019acc\u00e8s, de modification, de rectification et de suppression des donn\u00e9es qui les concernent.<\/p>\n<p>Le traitement des informations nominatives et\/ou personnelles par NSA sur le site www.nsassocies.com a fait l\u2019objet d\u2019une d\u00e9claration \u00e0 la CNIL sous le num\u00e9ro 1100631.<br \/>\nNSA met tout en \u0153uvre pour prot\u00e9ger les donn\u00e9es personnelles contre toute forme de perte, dommage ou alt\u00e9ration, destruction, d\u00e9tournement, divulgation non autoris\u00e9e. Cependant, les visiteurs du site www.nsassocies.com sont inform\u00e9s des risques li\u00e9s aux technologies mises en \u0153uvres sur le r\u00e9seau Internet.<\/p>\n<p>Les employ\u00e9s du NSA qui du fait de leur fonction auraient acc\u00e8s \u00e0 ces donn\u00e9es personnelles et confidentielles s\u2019engagent \u00e0 respecter la plus grande confidentialit\u00e9.<\/p>\n<p>Par ailleurs, NSA met en \u0153uvre des technologies type SSL pour tous les processus de paiement qui se font directement sur le site d\u2019une banque de renom. NSA ne dispose donc \u00e0 aucun moment des donn\u00e9es bancaires du client et est amen\u00e9 \u00e0 refuser toute transmission de ces donn\u00e9es par courrier \u00e9lectronique, ou t\u00e9l\u00e9phone et met \u00e0 la disposition de ses Clients les moyens n\u00e9cessaires pour permettre le paiement dans les meilleures conditions de s\u00e9curit\u00e9 possibles.<\/p>\n<p>LIEN AVEC DES SITES TIERS<br \/>\nLes sites tiers reli\u00e9s directement ou indirectement au site www.nsassocies.com ne sont pas sous la responsabilit\u00e9 de NSA. NSA n\u2019est donc en rien responsable des informations ou commentaires publi\u00e9s sur ces sites hors de son contr\u00f4le. Ces informations ou commentaires sont donc de la seule responsabilit\u00e9 de ces sites, et ne peuvent faire l\u2019objet de contr\u00f4les. Cependant, si l\u2019utilisateur du site www.nsassocies.com constate que des informations erron\u00e9es figurent sur de tels sites, NSA invite ses utilisateurs \u00e0 le lui signaler \u00e0 partir du formulaire de contact.<\/p>\n<p>LE SITE ET LES DONN\u00c9ES<br \/>\nNSA prend en compte les informations techniques de ses partenaires fournisseurs pour la description des Produits commercialis\u00e9s sur www.nsassocies.comNous vous remercions de nous informer au travers de notre service client par E-mail de toute erreur manifeste. N\u00e9anmoins, NSA ne pourrait \u00eatre responsable d\u2019erreurs induites par des descriptifs de produits fournis par nos partenaires et erron\u00e9s.[\/vc_column_text][vc_empty_space height=&#8221;115px&#8221;][\/vc_column][\/vc_row]<\/p>\n<\/div>","protected":false},"excerpt":{"rendered":"<p>[vc_row full_width=&#8221;stretch_row_content&#8221; css=&#8221;.vc_custom_1522669443498{background-image: url(https:\/\/nsassocies.com\/wp-content\/uploads\/2018\/04\/nsa_header_equipe.jpg?id=1188) !important;background-position: center !important;background-repeat: no-repeat !important;background-size: cover !important;}&#8221; el_class=&#8221;chevin background-header&#8221;][vc_column][vc_empty_space height=&#8221;115px&#8221;][vc_column_text el_class=&#8221;.text-header&#8221;] LEGAL NOTICES [\/vc_column_text][vc_empty_space height=&#8221;115px&#8221;][\/vc_column][\/vc_row][vc_row full_width=&#8221;stretch_row&#8221; css=&#8221;.vc_custom_1715892327848{background-position: center !important;background-repeat: no-repeat !important;background-size: cover !important;}&#8221;][vc_column][vc_empty_space height=&#8221;77px&#8221;][vc_column_text el_class=&#8221;.text-header&#8221;]EDITEUR DU SITE Na\u00efm Steinmetz &amp; Associ\u00e9s SARL au capital de 50 000 \u20ac SIRET : 484 262 597 000 20 Code APE APE 6920Z Si\u00e8ge social [&hellip;]<\/p>\n","protected":false},"author":3,"featured_media":0,"parent":0,"menu_order":0,"comment_status":"closed","ping_status":"closed","template":"","meta":{"inline_featured_image":false,"footnotes":""},"class_list":["post-2834","page","type-page","status-publish","hentry"],"yoast_head":"<!-- This site is optimized with the Yoast SEO plugin v27.3 - https:\/\/yoast.com\/product\/yoast-seo-wordpress\/ -->\n<title>Legal Notices - Na\u00efm Steinmetz &amp; Associ\u00e9s<\/title>\n<meta name=\"robots\" content=\"index, follow, max-snippet:-1, max-image-preview:large, max-video-preview:-1\" \/>\n<link rel=\"canonical\" href=\"https:\/\/nsassocies.com\/en\/legal-notices\/\" \/>\n<meta property=\"og:locale\" content=\"en_US\" \/>\n<meta property=\"og:type\" content=\"article\" \/>\n<meta property=\"og:title\" content=\"Legal Notices - Na\u00efm Steinmetz &amp; Associ\u00e9s\" \/>\n<meta property=\"og:description\" content=\"[vc_row full_width=&#8221;stretch_row_content&#8221; css=&#8221;.vc_custom_1522669443498{background-image: url(https:\/\/nsassocies.com\/wp-content\/uploads\/2018\/04\/nsa_header_equipe.jpg?id=1188) !important;background-position: center !important;background-repeat: no-repeat !important;background-size: cover !important;}&#8221; el_class=&#8221;chevin background-header&#8221;][vc_column][vc_empty_space height=&#8221;115px&#8221;][vc_column_text el_class=&#8221;.text-header&#8221;] LEGAL NOTICES [\/vc_column_text][vc_empty_space height=&#8221;115px&#8221;][\/vc_column][\/vc_row][vc_row full_width=&#8221;stretch_row&#8221; css=&#8221;.vc_custom_1715892327848{background-position: center !important;background-repeat: no-repeat !important;background-size: cover !important;}&#8221;][vc_column][vc_empty_space height=&#8221;77px&#8221;][vc_column_text el_class=&#8221;.text-header&#8221;]EDITEUR DU SITE Na\u00efm Steinmetz &amp; Associ\u00e9s SARL au capital de 50 000 \u20ac SIRET : 484 262 597 000 20 Code APE APE 6920Z Si\u00e8ge social [&hellip;]\" \/>\n<meta property=\"og:url\" content=\"https:\/\/nsassocies.com\/en\/legal-notices\/\" \/>\n<meta property=\"og:site_name\" content=\"Na\u00efm Steinmetz &amp; Associ\u00e9s\" \/>\n<meta property=\"article:modified_time\" content=\"2025-07-30T21:16:41+00:00\" \/>\n<meta property=\"og:image\" content=\"https:\/\/nsassocies.com\/wp-content\/uploads\/2022\/08\/NSA_site_vitrine-460x460_c.jpg\" \/>\n\t<meta property=\"og:image:width\" content=\"460\" \/>\n\t<meta property=\"og:image:height\" content=\"460\" \/>\n\t<meta property=\"og:image:type\" content=\"image\/jpeg\" \/>\n<meta name=\"twitter:card\" content=\"summary_large_image\" \/>\n<meta name=\"twitter:label1\" content=\"Est. reading time\" \/>\n\t<meta name=\"twitter:data1\" content=\"3 minutes\" \/>\n<script type=\"application\/ld+json\" class=\"yoast-schema-graph\">{\"@context\":\"https:\\\/\\\/schema.org\",\"@graph\":[{\"@type\":\"WebPage\",\"@id\":\"https:\\\/\\\/nsassocies.com\\\/en\\\/legal-notices\\\/\",\"url\":\"https:\\\/\\\/nsassocies.com\\\/en\\\/legal-notices\\\/\",\"name\":\"Legal Notices - Na\u00efm Steinmetz &amp; Associ\u00e9s\",\"isPartOf\":{\"@id\":\"https:\\\/\\\/nsassocies.com\\\/#website\"},\"datePublished\":\"2018-02-10T14:24:20+00:00\",\"dateModified\":\"2025-07-30T21:16:41+00:00\",\"breadcrumb\":{\"@id\":\"https:\\\/\\\/nsassocies.com\\\/en\\\/legal-notices\\\/#breadcrumb\"},\"inLanguage\":\"en-US\",\"potentialAction\":[{\"@type\":\"ReadAction\",\"target\":[\"https:\\\/\\\/nsassocies.com\\\/en\\\/legal-notices\\\/\"]}]},{\"@type\":\"BreadcrumbList\",\"@id\":\"https:\\\/\\\/nsassocies.com\\\/en\\\/legal-notices\\\/#breadcrumb\",\"itemListElement\":[{\"@type\":\"ListItem\",\"position\":1,\"name\":\"Accueil\",\"item\":\"https:\\\/\\\/nsassocies.com\\\/en\\\/\"},{\"@type\":\"ListItem\",\"position\":2,\"name\":\"Legal Notices\"}]},{\"@type\":\"WebSite\",\"@id\":\"https:\\\/\\\/nsassocies.com\\\/#website\",\"url\":\"https:\\\/\\\/nsassocies.com\\\/\",\"name\":\"Na\u00efm Steinmetz &amp; Associ\u00e9s\",\"description\":\"Experts comptables et Commissaire aux comptes\",\"publisher\":{\"@id\":\"https:\\\/\\\/nsassocies.com\\\/#organization\"},\"potentialAction\":[{\"@type\":\"SearchAction\",\"target\":{\"@type\":\"EntryPoint\",\"urlTemplate\":\"https:\\\/\\\/nsassocies.com\\\/?s={search_term_string}\"},\"query-input\":{\"@type\":\"PropertyValueSpecification\",\"valueRequired\":true,\"valueName\":\"search_term_string\"}}],\"inLanguage\":\"en-US\"},{\"@type\":\"Organization\",\"@id\":\"https:\\\/\\\/nsassocies.com\\\/#organization\",\"name\":\"Na\u00efm Steinmetz & Associ\u00e9s\",\"url\":\"https:\\\/\\\/nsassocies.com\\\/\",\"logo\":{\"@type\":\"ImageObject\",\"inLanguage\":\"en-US\",\"@id\":\"https:\\\/\\\/nsassocies.com\\\/#\\\/schema\\\/logo\\\/image\\\/\",\"url\":\"https:\\\/\\\/nsassocies.com\\\/wp-content\\\/uploads\\\/2018\\\/02\\\/logo-1.png\",\"contentUrl\":\"https:\\\/\\\/nsassocies.com\\\/wp-content\\\/uploads\\\/2018\\\/02\\\/logo-1.png\",\"width\":700,\"height\":479,\"caption\":\"Na\u00efm Steinmetz & Associ\u00e9s\"},\"image\":{\"@id\":\"https:\\\/\\\/nsassocies.com\\\/#\\\/schema\\\/logo\\\/image\\\/\"},\"sameAs\":[\"https:\\\/\\\/www.linkedin.com\\\/in\\\/cabinet-nam-steinmetz-et-associs-6a0679163\\\/\"]}]}<\/script>\n<!-- \/ Yoast SEO plugin. -->","yoast_head_json":{"title":"Legal Notices - Na\u00efm Steinmetz &amp; Associ\u00e9s","robots":{"index":"index","follow":"follow","max-snippet":"max-snippet:-1","max-image-preview":"max-image-preview:large","max-video-preview":"max-video-preview:-1"},"canonical":"https:\/\/nsassocies.com\/en\/legal-notices\/","og_locale":"en_US","og_type":"article","og_title":"Legal Notices - Na\u00efm Steinmetz &amp; Associ\u00e9s","og_description":"[vc_row full_width=&#8221;stretch_row_content&#8221; css=&#8221;.vc_custom_1522669443498{background-image: url(https:\/\/nsassocies.com\/wp-content\/uploads\/2018\/04\/nsa_header_equipe.jpg?id=1188) !important;background-position: center !important;background-repeat: no-repeat !important;background-size: cover !important;}&#8221; el_class=&#8221;chevin background-header&#8221;][vc_column][vc_empty_space height=&#8221;115px&#8221;][vc_column_text el_class=&#8221;.text-header&#8221;] LEGAL NOTICES [\/vc_column_text][vc_empty_space height=&#8221;115px&#8221;][\/vc_column][\/vc_row][vc_row full_width=&#8221;stretch_row&#8221; css=&#8221;.vc_custom_1715892327848{background-position: center !important;background-repeat: no-repeat !important;background-size: cover !important;}&#8221;][vc_column][vc_empty_space height=&#8221;77px&#8221;][vc_column_text el_class=&#8221;.text-header&#8221;]EDITEUR DU SITE Na\u00efm Steinmetz &amp; Associ\u00e9s SARL au capital de 50 000 \u20ac SIRET : 484 262 597 000 20 Code APE APE 6920Z Si\u00e8ge social [&hellip;]","og_url":"https:\/\/nsassocies.com\/en\/legal-notices\/","og_site_name":"Na\u00efm Steinmetz &amp; Associ\u00e9s","article_modified_time":"2025-07-30T21:16:41+00:00","og_image":[{"width":460,"height":460,"url":"https:\/\/nsassocies.com\/wp-content\/uploads\/2022\/08\/NSA_site_vitrine-460x460_c.jpg","type":"image\/jpeg"}],"twitter_card":"summary_large_image","twitter_misc":{"Est. reading time":"3 minutes"},"schema":{"@context":"https:\/\/schema.org","@graph":[{"@type":"WebPage","@id":"https:\/\/nsassocies.com\/en\/legal-notices\/","url":"https:\/\/nsassocies.com\/en\/legal-notices\/","name":"Legal Notices - Na\u00efm Steinmetz &amp; Associ\u00e9s","isPartOf":{"@id":"https:\/\/nsassocies.com\/#website"},"datePublished":"2018-02-10T14:24:20+00:00","dateModified":"2025-07-30T21:16:41+00:00","breadcrumb":{"@id":"https:\/\/nsassocies.com\/en\/legal-notices\/#breadcrumb"},"inLanguage":"en-US","potentialAction":[{"@type":"ReadAction","target":["https:\/\/nsassocies.com\/en\/legal-notices\/"]}]},{"@type":"BreadcrumbList","@id":"https:\/\/nsassocies.com\/en\/legal-notices\/#breadcrumb","itemListElement":[{"@type":"ListItem","position":1,"name":"Accueil","item":"https:\/\/nsassocies.com\/en\/"},{"@type":"ListItem","position":2,"name":"Legal Notices"}]},{"@type":"WebSite","@id":"https:\/\/nsassocies.com\/#website","url":"https:\/\/nsassocies.com\/","name":"Na\u00efm Steinmetz &amp; Associ\u00e9s","description":"Experts comptables et Commissaire aux comptes","publisher":{"@id":"https:\/\/nsassocies.com\/#organization"},"potentialAction":[{"@type":"SearchAction","target":{"@type":"EntryPoint","urlTemplate":"https:\/\/nsassocies.com\/?s={search_term_string}"},"query-input":{"@type":"PropertyValueSpecification","valueRequired":true,"valueName":"search_term_string"}}],"inLanguage":"en-US"},{"@type":"Organization","@id":"https:\/\/nsassocies.com\/#organization","name":"Na\u00efm Steinmetz & Associ\u00e9s","url":"https:\/\/nsassocies.com\/","logo":{"@type":"ImageObject","inLanguage":"en-US","@id":"https:\/\/nsassocies.com\/#\/schema\/logo\/image\/","url":"https:\/\/nsassocies.com\/wp-content\/uploads\/2018\/02\/logo-1.png","contentUrl":"https:\/\/nsassocies.com\/wp-content\/uploads\/2018\/02\/logo-1.png","width":700,"height":479,"caption":"Na\u00efm Steinmetz & Associ\u00e9s"},"image":{"@id":"https:\/\/nsassocies.com\/#\/schema\/logo\/image\/"},"sameAs":["https:\/\/www.linkedin.com\/in\/cabinet-nam-steinmetz-et-associs-6a0679163\/"]}]}},"_links":{"self":[{"href":"https:\/\/nsassocies.com\/en\/wp-json\/wp\/v2\/pages\/2834","targetHints":{"allow":["GET"]}}],"collection":[{"href":"https:\/\/nsassocies.com\/en\/wp-json\/wp\/v2\/pages"}],"about":[{"href":"https:\/\/nsassocies.com\/en\/wp-json\/wp\/v2\/types\/page"}],"author":[{"embeddable":true,"href":"https:\/\/nsassocies.com\/en\/wp-json\/wp\/v2\/users\/3"}],"replies":[{"embeddable":true,"href":"https:\/\/nsassocies.com\/en\/wp-json\/wp\/v2\/comments?post=2834"}],"version-history":[{"count":0,"href":"https:\/\/nsassocies.com\/en\/wp-json\/wp\/v2\/pages\/2834\/revisions"}],"wp:attachment":[{"href":"https:\/\/nsassocies.com\/en\/wp-json\/wp\/v2\/media?parent=2834"}],"curies":[{"name":"wp","href":"https:\/\/api.w.org\/{rel}","templated":true}]}}